{"id":6,"date":"2021-06-01T19:43:59","date_gmt":"2021-06-01T19:43:59","guid":{"rendered":"https:\/\/tomol.com.ar\/?page_id=6"},"modified":"2021-06-17T21:32:20","modified_gmt":"2021-06-17T21:32:20","slug":"inicio","status":"publish","type":"page","link":"https:\/\/tomol.com.ar\/","title":{"rendered":"Inicio"},"content":{"rendered":"\t\t<div data-elementor-type=\"wp-page\" data-elementor-id=\"6\" class=\"elementor elementor-6\">\n\t\t\t\t\t\t\t\t\t<section class=\"elementor-section elementor-top-section elementor-element elementor-element-ee331d4 elementor-section-full_width elementor-section-stretched elementor-section-height-default elementor-section-height-default\" data-id=\"ee331d4\" data-element_type=\"section\" data-settings=\"{&quot;stretch_section&quot;:&quot;section-stretched&quot;,&quot;_ha_eqh_enable&quot;:false}\">\n\t\t\t\t\t\t<div class=\"elementor-container elementor-column-gap-no\">\n\t\t\t\t\t<div class=\"elementor-column elementor-col-100 elementor-top-column elementor-element elementor-element-2fe7083\" data-id=\"2fe7083\" data-element_type=\"column\">\n\t\t\t<div class=\"elementor-widget-wrap elementor-element-populated\">\n\t\t\t\t\t\t\t\t\t<\/div>\n\t\t<\/div>\n\t\t\t\t\t\t\t<\/div>\n\t\t<\/section>\n\t\t\t\t<section class=\"elementor-section elementor-top-section elementor-element elementor-element-6889c5dd elementor-section-boxed elementor-section-height-default elementor-section-height-default\" data-id=\"6889c5dd\" data-element_type=\"section\" data-settings=\"{&quot;background_background&quot;:&quot;classic&quot;,&quot;_ha_eqh_enable&quot;:false}\">\n\t\t\t\t\t\t<div class=\"elementor-container elementor-column-gap-default\">\n\t\t\t\t\t<div class=\"elementor-column elementor-col-100 elementor-top-column elementor-element elementor-element-444894a3\" data-id=\"444894a3\" data-element_type=\"column\">\n\t\t\t<div class=\"elementor-widget-wrap elementor-element-populated\">\n\t\t\t\t\t\t\t\t<section class=\"elementor-section elementor-top-section elementor-element elementor-element-3faf5e8 elementor-section-boxed elementor-section-height-default elementor-section-height-default\" data-id=\"3faf5e8\" data-element_type=\"section\" data-settings=\"{&quot;_ha_eqh_enable&quot;:false}\">\n\t\t\t\t\t\t<div class=\"elementor-container elementor-column-gap-default\">\n\t\t\t\t\t<div class=\"elementor-column elementor-col-100 elementor-top-column elementor-element elementor-element-819d1ec\" data-id=\"819d1ec\" data-element_type=\"column\">\n\t\t\t<div class=\"elementor-widget-wrap elementor-element-populated\">\n\t\t\t\t\t\t\t\t<div class=\"elementor-element elementor-element-3022775b elementor-widget elementor-widget-heading\" data-id=\"3022775b\" data-element_type=\"widget\" data-widget_type=\"heading.default\">\n\t\t\t\t<div class=\"elementor-widget-container\">\n\t\t\t<h2 class=\"elementor-heading-title elementor-size-default\">F\u00e1brica de Pallets y Embalajes<\/h2>\t\t<\/div>\n\t\t\t\t<\/div>\n\t\t\t\t<div class=\"elementor-element elementor-element-4a11ac44 elementor-widget elementor-widget-text-editor\" data-id=\"4a11ac44\" data-element_type=\"widget\" data-widget_type=\"text-editor.default\">\n\t\t\t\t<div class=\"elementor-widget-container\">\n\t\t\t\t\t\t\t<p>Somos una empresa en crecimiento incesante, que se adapta a los continuos cambios del mercado productivo y evoluciona para asegurar la calidad en la cadena de valor de nuestros clientes, aprovechando toda su experiencia para reinventarse y ser un referente nacional en el rubro de los pallets y embalajes de madera.<\/p>\t\t\t\t\t\t<\/div>\n\t\t\t\t<\/div>\n\t\t\t\t\t<\/div>\n\t\t<\/div>\n\t\t\t\t\t\t\t<\/div>\n\t\t<\/section>\n\t\t\t\t<section class=\"elementor-section elementor-top-section elementor-element elementor-element-73700e91 elementor-section-boxed elementor-section-height-default elementor-section-height-default\" data-id=\"73700e91\" data-element_type=\"section\" data-settings=\"{&quot;_ha_eqh_enable&quot;:false}\">\n\t\t\t\t\t\t<div class=\"elementor-container elementor-column-gap-default\">\n\t\t\t\t\t<div class=\"elementor-column elementor-col-33 elementor-top-column elementor-element elementor-element-391123b4\" data-id=\"391123b4\" data-element_type=\"column\">\n\t\t\t<div class=\"elementor-widget-wrap elementor-element-populated\">\n\t\t\t\t\t\t\t\t<div class=\"elementor-element elementor-element-4140f9fa ha-infobox-media-dir-top elementor-widget elementor-widget-ha-infobox happy-addon ha-infobox\" data-id=\"4140f9fa\" data-element_type=\"widget\" data-widget_type=\"ha-infobox.default\">\n\t\t\t\t<div class=\"elementor-widget-container\">\n\t\t\t\n\t\t\t\t\t<figure class=\"ha-infobox-figure ha-infobox-figure--icon\">\n\t\t\t\t<i aria-hidden=\"true\" class=\"fas fa-pallet\"><\/i>\t\t\t<\/figure>\n\t\t\n\t\t<div class=\"ha-infobox-body\">\n\t\t\t<h2 class=\"ha-infobox-title\">PALLETS<\/h2>\n\t\t\t\n\t\t\t\t\t<\/div>\n\t\t\t\t<\/div>\n\t\t\t\t<\/div>\n\t\t\t\t\t<\/div>\n\t\t<\/div>\n\t\t\t\t<div class=\"elementor-column elementor-col-33 elementor-top-column elementor-element elementor-element-47e24162\" data-id=\"47e24162\" data-element_type=\"column\">\n\t\t\t<div class=\"elementor-widget-wrap elementor-element-populated\">\n\t\t\t\t\t\t\t\t<div class=\"elementor-element elementor-element-1821cd70 ha-infobox-media-dir-top elementor-widget elementor-widget-ha-infobox happy-addon ha-infobox\" data-id=\"1821cd70\" data-element_type=\"widget\" data-widget_type=\"ha-infobox.default\">\n\t\t\t\t<div class=\"elementor-widget-container\">\n\t\t\t\n\t\t\t\t\t<figure class=\"ha-infobox-figure ha-infobox-figure--icon\">\n\t\t\t\t<i aria-hidden=\"true\" class=\"fas fa-dolly-flatbed\"><\/i>\t\t\t<\/figure>\n\t\t\n\t\t<div class=\"ha-infobox-body\">\n\t\t\t<h2 class=\"ha-infobox-title\">EMBALAJES<\/h2>\n\t\t\t\n\t\t\t\t\t<\/div>\n\t\t\t\t<\/div>\n\t\t\t\t<\/div>\n\t\t\t\t\t<\/div>\n\t\t<\/div>\n\t\t\t\t<div class=\"elementor-column elementor-col-33 elementor-top-column elementor-element elementor-element-66e9871a\" data-id=\"66e9871a\" data-element_type=\"column\">\n\t\t\t<div class=\"elementor-widget-wrap elementor-element-populated\">\n\t\t\t\t\t\t\t\t<div class=\"elementor-element elementor-element-4895d9a8 ha-infobox-media-dir-top elementor-widget elementor-widget-ha-infobox happy-addon ha-infobox\" data-id=\"4895d9a8\" data-element_type=\"widget\" data-widget_type=\"ha-infobox.default\">\n\t\t\t\t<div class=\"elementor-widget-container\">\n\t\t\t\n\t\t\t\t\t<figure class=\"ha-infobox-figure ha-infobox-figure--icon\">\n\t\t\t\t<i aria-hidden=\"true\" class=\"fas fa-box\"><\/i>\t\t\t<\/figure>\n\t\t\n\t\t<div class=\"ha-infobox-body\">\n\t\t\t<h2 class=\"ha-infobox-title\">CAJONES<\/h2>\n\t\t\t\n\t\t\t\t\t<\/div>\n\t\t\t\t<\/div>\n\t\t\t\t<\/div>\n\t\t\t\t\t<\/div>\n\t\t<\/div>\n\t\t\t\t\t\t\t<\/div>\n\t\t<\/section>\n\t\t\t\t\t<\/div>\n\t\t<\/div>\n\t\t\t\t\t\t\t<\/div>\n\t\t<\/section>\n\t\t\t\t<section class=\"elementor-section elementor-top-section elementor-element elementor-element-162195ca elementor-section-boxed elementor-section-height-default elementor-section-height-default\" data-id=\"162195ca\" data-element_type=\"section\" data-settings=\"{&quot;background_background&quot;:&quot;classic&quot;,&quot;_ha_eqh_enable&quot;:false}\">\n\t\t\t\t\t\t\t<div class=\"elementor-background-overlay\"><\/div>\n\t\t\t\t\t\t\t<div class=\"elementor-container elementor-column-gap-default\">\n\t\t\t\t\t<div class=\"elementor-column elementor-col-50 elementor-top-column elementor-element elementor-element-6ec6f964\" data-id=\"6ec6f964\" data-element_type=\"column\">\n\t\t\t<div class=\"elementor-widget-wrap elementor-element-populated\">\n\t\t\t\t\t\t\t\t<div class=\"elementor-element elementor-element-6599641c elementor-widget elementor-widget-video\" data-id=\"6599641c\" data-element_type=\"widget\" data-settings=\"{&quot;autoplay&quot;:&quot;yes&quot;,&quot;mute&quot;:&quot;yes&quot;,&quot;video_type&quot;:&quot;hosted&quot;}\" data-widget_type=\"video.default\">\n\t\t\t\t<div class=\"elementor-widget-container\">\n\t\t\t\t\t<div class=\"e-hosted-video elementor-wrapper elementor-open-inline\">\n\t\t\t\t\t<video class=\"elementor-video\" src=\"https:\/\/tomol.com.ar\/videos\/video1.mp4\" autoplay=\"\" muted=\"muted\" controlsList=\"nodownload\"><\/video>\n\t\t\t\t<\/div>\n\t\t\t\t<\/div>\n\t\t\t\t<\/div>\n\t\t\t\t\t<\/div>\n\t\t<\/div>\n\t\t\t\t<div class=\"elementor-column elementor-col-50 elementor-top-column elementor-element elementor-element-5de65b7f\" data-id=\"5de65b7f\" data-element_type=\"column\">\n\t\t\t<div class=\"elementor-widget-wrap elementor-element-populated\">\n\t\t\t\t\t\t\t\t<div class=\"elementor-element elementor-element-cedb27 elementor-widget elementor-widget-heading\" data-id=\"cedb27\" data-element_type=\"widget\" data-widget_type=\"heading.default\">\n\t\t\t\t<div class=\"elementor-widget-container\">\n\t\t\t<h2 class=\"elementor-heading-title elementor-size-large\">MAQUINARIA Y MANUFACTURA<\/h2>\t\t<\/div>\n\t\t\t\t<\/div>\n\t\t\t\t<div class=\"elementor-element elementor-element-13838098 elementor-widget elementor-widget-text-editor\" data-id=\"13838098\" data-element_type=\"widget\" data-widget_type=\"text-editor.default\">\n\t\t\t\t<div class=\"elementor-widget-container\">\n\t\t\t\t\t\t\t<p>En nuestra linea de armado contamos con maquinarias de \u00faltima tecnolog\u00eda que nos permite lograr un excelente armado y terminaci\u00f3n de nuestros productos, logrando la calidad necesaria para la correcta prestaci\u00f3n de servicio del mismo.<\/p>\t\t\t\t\t\t<\/div>\n\t\t\t\t<\/div>\n\t\t\t\t\t<\/div>\n\t\t<\/div>\n\t\t\t\t\t\t\t<\/div>\n\t\t<\/section>\n\t\t\t\t<section class=\"elementor-section elementor-top-section elementor-element elementor-element-54d68d54 elementor-section-content-middle elementor-section-boxed elementor-section-height-default elementor-section-height-default\" data-id=\"54d68d54\" data-element_type=\"section\" data-settings=\"{&quot;background_background&quot;:&quot;classic&quot;,&quot;_ha_eqh_enable&quot;:false}\">\n\t\t\t\t\t\t<div class=\"elementor-container elementor-column-gap-no\">\n\t\t\t\t\t<div class=\"elementor-column elementor-col-100 elementor-top-column elementor-element elementor-element-7f8e8ff\" data-id=\"7f8e8ff\" data-element_type=\"column\">\n\t\t\t<div class=\"elementor-widget-wrap\">\n\t\t\t\t\t\t\t\t\t<\/div>\n\t\t<\/div>\n\t\t\t\t\t\t\t<\/div>\n\t\t<\/section>\n\t\t\t\t<section class=\"elementor-section elementor-top-section elementor-element elementor-element-6f63d442 elementor-section-content-middle elementor-reverse-mobile elementor-section-boxed elementor-section-height-default elementor-section-height-default\" data-id=\"6f63d442\" data-element_type=\"section\" data-settings=\"{&quot;background_background&quot;:&quot;classic&quot;,&quot;_ha_eqh_enable&quot;:false}\">\n\t\t\t\t\t\t<div class=\"elementor-container elementor-column-gap-no\">\n\t\t\t\t\t<div class=\"elementor-column elementor-col-50 elementor-top-column elementor-element elementor-element-40bcb858\" data-id=\"40bcb858\" data-element_type=\"column\" data-settings=\"{&quot;background_background&quot;:&quot;classic&quot;}\">\n\t\t\t<div class=\"elementor-widget-wrap elementor-element-populated\">\n\t\t\t\t\t\t\t\t<div class=\"elementor-element elementor-element-5b067bfc elementor-view-default elementor-widget elementor-widget-icon\" data-id=\"5b067bfc\" data-element_type=\"widget\" data-widget_type=\"icon.default\">\n\t\t\t\t<div class=\"elementor-widget-container\">\n\t\t\t\t\t<div class=\"elementor-icon-wrapper\">\n\t\t\t<div class=\"elementor-icon\">\n\t\t\t<i aria-hidden=\"true\" class=\"fas fa-temperature-high\"><\/i>\t\t\t<\/div>\n\t\t<\/div>\n\t\t\t\t<\/div>\n\t\t\t\t<\/div>\n\t\t\t\t<div class=\"elementor-element elementor-element-51b1b1a2 elementor-widget elementor-widget-heading\" data-id=\"51b1b1a2\" data-element_type=\"widget\" data-widget_type=\"heading.default\">\n\t\t\t\t<div class=\"elementor-widget-container\">\n\t\t\t<h3 class=\"elementor-heading-title elementor-size-large\">UN PRODUCTO SEGURO<\/h3>\t\t<\/div>\n\t\t\t\t<\/div>\n\t\t\t\t<div class=\"elementor-element elementor-element-56ba126 elementor-widget elementor-widget-text-editor\" data-id=\"56ba126\" data-element_type=\"widget\" data-widget_type=\"text-editor.default\">\n\t\t\t\t<div class=\"elementor-widget-container\">\n\t\t\t\t\t\t\t<p>Nuestra f\u00e1brica ha sido aprobada por el Senasa como Centro de Tratamiento T\u00e9rmico para pallets y embalajes de madera, de acuerdo a las normas internacionales NIMF 15.<\/p>\t\t\t\t\t\t<\/div>\n\t\t\t\t<\/div>\n\t\t\t\t\t<\/div>\n\t\t<\/div>\n\t\t\t\t<div class=\"elementor-column elementor-col-50 elementor-top-column elementor-element elementor-element-256e581e\" data-id=\"256e581e\" data-element_type=\"column\">\n\t\t\t<div class=\"elementor-widget-wrap elementor-element-populated\">\n\t\t\t\t\t\t\t\t<div class=\"elementor-element elementor-element-349c6e5d elementor-widget elementor-widget-image\" data-id=\"349c6e5d\" data-element_type=\"widget\" data-widget_type=\"image.default\">\n\t\t\t\t<div class=\"elementor-widget-container\">\n\t\t\t\t\t\t\t\t\t\t\t\t\t\t\t<img loading=\"lazy\" decoding=\"async\" width=\"570\" height=\"498\" src=\"https:\/\/tomol.com.ar\/wp-content\/uploads\/2021\/06\/SENASA.jpg\" class=\"attachment-large size-large wp-image-112\" alt=\"Logo Senasa\" srcset=\"https:\/\/tomol.com.ar\/wp-content\/uploads\/2021\/06\/SENASA.jpg 570w, https:\/\/tomol.com.ar\/wp-content\/uploads\/2021\/06\/SENASA-300x262.jpg 300w\" sizes=\"auto, (max-width: 570px) 100vw, 570px\" \/>\t\t\t\t\t\t\t\t\t\t\t\t\t\t\t<\/div>\n\t\t\t\t<\/div>\n\t\t\t\t\t<\/div>\n\t\t<\/div>\n\t\t\t\t\t\t\t<\/div>\n\t\t<\/section>\n\t\t\t\t\t\t\t<\/div>\n\t\t","protected":false},"excerpt":{"rendered":"<p>F\u00e1brica de Pallets y Embalajes Somos una empresa en crecimiento incesante, que se adapta a [&hellip;]<\/p>\n","protected":false},"author":1,"featured_media":0,"parent":0,"menu_order":0,"comment_status":"closed","ping_status":"closed","template":"elementor_header_footer","meta":{"footnotes":""},"class_list":["post-6","page","type-page","status-publish","hentry"],"yoast_head":"<!-- This site is optimized with the Yoast SEO plugin v20.3 - https:\/\/yoast.com\/wordpress\/plugins\/seo\/ -->\n<title>Pallets de Madera &bull; Embalajes y Cajones de Madera &bull; Catem Nimf 15<\/title>\n<meta name=\"description\" content=\"Somos una F\u00e1brica ubicada en Benavidez, Pcia de Buenos Aires. Venta Mayorista y Minorista A TODO EL PA\u00cdS.\" \/>\n<meta name=\"robots\" content=\"index, follow, max-snippet:-1, max-image-preview:large, max-video-preview:-1\" \/>\n<link rel=\"canonical\" href=\"https:\/\/tomol.com.ar\/\" \/>\n<meta property=\"og:locale\" content=\"es_ES\" \/>\n<meta property=\"og:type\" content=\"article\" \/>\n<meta property=\"og:title\" content=\"Pallets de Madera &bull; Embalajes y Cajones de Madera &bull; Catem Nimf 15\" \/>\n<meta property=\"og:description\" content=\"Somos una F\u00e1brica ubicada en Benavidez, Pcia de Buenos Aires. Venta Mayorista y Minorista A TODO EL PA\u00cdS.\" \/>\n<meta property=\"og:url\" content=\"https:\/\/tomol.com.ar\/\" \/>\n<meta property=\"og:site_name\" content=\"Tomol\" \/>\n<meta property=\"article:publisher\" content=\"https:\/\/www.facebook.com\/Tomol-101757358727273\" \/>\n<meta property=\"article:modified_time\" content=\"2021-06-17T21:32:20+00:00\" \/>\n<meta property=\"og:image\" content=\"https:\/\/tomol.com.ar\/wp-content\/uploads\/2021\/06\/SENASA.jpg\" \/>\n<meta name=\"twitter:card\" content=\"summary_large_image\" \/>\n<meta name=\"twitter:site\" content=\"@TomolSRL\" \/>\n<meta name=\"twitter:label1\" content=\"Tiempo de lectura\" \/>\n\t<meta name=\"twitter:data1\" content=\"1 minuto\" \/>\n<script type=\"application\/ld+json\" class=\"yoast-schema-graph\">{\"@context\":\"https:\/\/schema.org\",\"@graph\":[{\"@type\":\"WebPage\",\"@id\":\"https:\/\/tomol.com.ar\/\",\"url\":\"https:\/\/tomol.com.ar\/\",\"name\":\"Pallets de Madera &bull; Embalajes y Cajones de Madera &bull; Catem Nimf 15\",\"isPartOf\":{\"@id\":\"https:\/\/tomol.com.ar\/#website\"},\"datePublished\":\"2021-06-01T19:43:59+00:00\",\"dateModified\":\"2021-06-17T21:32:20+00:00\",\"description\":\"Somos una F\u00e1brica ubicada en Benavidez, Pcia de Buenos Aires. Venta Mayorista y Minorista A TODO EL PA\u00cdS.\",\"breadcrumb\":{\"@id\":\"https:\/\/tomol.com.ar\/#breadcrumb\"},\"inLanguage\":\"es\",\"potentialAction\":[{\"@type\":\"ReadAction\",\"target\":[\"https:\/\/tomol.com.ar\/\"]}]},{\"@type\":\"BreadcrumbList\",\"@id\":\"https:\/\/tomol.com.ar\/#breadcrumb\",\"itemListElement\":[{\"@type\":\"ListItem\",\"position\":1,\"name\":\"Portada\",\"item\":\"https:\/\/tomol.com.ar\/\"},{\"@type\":\"ListItem\",\"position\":2,\"name\":\"Inicio\"}]},{\"@type\":\"WebSite\",\"@id\":\"https:\/\/tomol.com.ar\/#website\",\"url\":\"https:\/\/tomol.com.ar\/\",\"name\":\"Tomol\",\"description\":\"F\u00e1brica de pallets y embalajes normalizados y\/o a medida.\",\"publisher\":{\"@id\":\"https:\/\/tomol.com.ar\/#organization\"},\"potentialAction\":[{\"@type\":\"SearchAction\",\"target\":{\"@type\":\"EntryPoint\",\"urlTemplate\":\"https:\/\/tomol.com.ar\/?s={search_term_string}\"},\"query-input\":\"required name=search_term_string\"}],\"inLanguage\":\"es\"},{\"@type\":\"Organization\",\"@id\":\"https:\/\/tomol.com.ar\/#organization\",\"name\":\"Tomol\",\"url\":\"https:\/\/tomol.com.ar\/\",\"logo\":{\"@type\":\"ImageObject\",\"inLanguage\":\"es\",\"@id\":\"https:\/\/tomol.com.ar\/#\/schema\/logo\/image\/\",\"url\":\"https:\/\/tomol.com.ar\/wp-content\/uploads\/2021\/06\/cropped-logo-top.png\",\"contentUrl\":\"https:\/\/tomol.com.ar\/wp-content\/uploads\/2021\/06\/cropped-logo-top.png\",\"width\":183,\"height\":50,\"caption\":\"Tomol\"},\"image\":{\"@id\":\"https:\/\/tomol.com.ar\/#\/schema\/logo\/image\/\"},\"sameAs\":[\"https:\/\/www.facebook.com\/Tomol-101757358727273\",\"https:\/\/twitter.com\/TomolSRL\",\"https:\/\/www.instagram.com\/tomol.ok\/\"]}]}<\/script>\n<!-- \/ Yoast SEO plugin. -->","yoast_head_json":{"title":"Pallets de Madera &bull; Embalajes y Cajones de Madera &bull; Catem Nimf 15","description":"Somos una F\u00e1brica ubicada en Benavidez, Pcia de Buenos Aires. Venta Mayorista y Minorista A TODO EL PA\u00cdS.","robots":{"index":"index","follow":"follow","max-snippet":"max-snippet:-1","max-image-preview":"max-image-preview:large","max-video-preview":"max-video-preview:-1"},"canonical":"https:\/\/tomol.com.ar\/","og_locale":"es_ES","og_type":"article","og_title":"Pallets de Madera &bull; Embalajes y Cajones de Madera &bull; Catem Nimf 15","og_description":"Somos una F\u00e1brica ubicada en Benavidez, Pcia de Buenos Aires. Venta Mayorista y Minorista A TODO EL PA\u00cdS.","og_url":"https:\/\/tomol.com.ar\/","og_site_name":"Tomol","article_publisher":"https:\/\/www.facebook.com\/Tomol-101757358727273","article_modified_time":"2021-06-17T21:32:20+00:00","og_image":[{"url":"https:\/\/tomol.com.ar\/wp-content\/uploads\/2021\/06\/SENASA.jpg"}],"twitter_card":"summary_large_image","twitter_site":"@TomolSRL","twitter_misc":{"Tiempo de lectura":"1 minuto"},"schema":{"@context":"https:\/\/schema.org","@graph":[{"@type":"WebPage","@id":"https:\/\/tomol.com.ar\/","url":"https:\/\/tomol.com.ar\/","name":"Pallets de Madera &bull; Embalajes y Cajones de Madera &bull; Catem Nimf 15","isPartOf":{"@id":"https:\/\/tomol.com.ar\/#website"},"datePublished":"2021-06-01T19:43:59+00:00","dateModified":"2021-06-17T21:32:20+00:00","description":"Somos una F\u00e1brica ubicada en Benavidez, Pcia de Buenos Aires. Venta Mayorista y Minorista A TODO EL PA\u00cdS.","breadcrumb":{"@id":"https:\/\/tomol.com.ar\/#breadcrumb"},"inLanguage":"es","potentialAction":[{"@type":"ReadAction","target":["https:\/\/tomol.com.ar\/"]}]},{"@type":"BreadcrumbList","@id":"https:\/\/tomol.com.ar\/#breadcrumb","itemListElement":[{"@type":"ListItem","position":1,"name":"Portada","item":"https:\/\/tomol.com.ar\/"},{"@type":"ListItem","position":2,"name":"Inicio"}]},{"@type":"WebSite","@id":"https:\/\/tomol.com.ar\/#website","url":"https:\/\/tomol.com.ar\/","name":"Tomol","description":"F\u00e1brica de pallets y embalajes normalizados y\/o a medida.","publisher":{"@id":"https:\/\/tomol.com.ar\/#organization"},"potentialAction":[{"@type":"SearchAction","target":{"@type":"EntryPoint","urlTemplate":"https:\/\/tomol.com.ar\/?s={search_term_string}"},"query-input":"required name=search_term_string"}],"inLanguage":"es"},{"@type":"Organization","@id":"https:\/\/tomol.com.ar\/#organization","name":"Tomol","url":"https:\/\/tomol.com.ar\/","logo":{"@type":"ImageObject","inLanguage":"es","@id":"https:\/\/tomol.com.ar\/#\/schema\/logo\/image\/","url":"https:\/\/tomol.com.ar\/wp-content\/uploads\/2021\/06\/cropped-logo-top.png","contentUrl":"https:\/\/tomol.com.ar\/wp-content\/uploads\/2021\/06\/cropped-logo-top.png","width":183,"height":50,"caption":"Tomol"},"image":{"@id":"https:\/\/tomol.com.ar\/#\/schema\/logo\/image\/"},"sameAs":["https:\/\/www.facebook.com\/Tomol-101757358727273","https:\/\/twitter.com\/TomolSRL","https:\/\/www.instagram.com\/tomol.ok\/"]}]}},"_links":{"self":[{"href":"https:\/\/tomol.com.ar\/index.php\/wp-json\/wp\/v2\/pages\/6","targetHints":{"allow":["GET"]}}],"collection":[{"href":"https:\/\/tomol.com.ar\/index.php\/wp-json\/wp\/v2\/pages"}],"about":[{"href":"https:\/\/tomol.com.ar\/index.php\/wp-json\/wp\/v2\/types\/page"}],"author":[{"embeddable":true,"href":"https:\/\/tomol.com.ar\/index.php\/wp-json\/wp\/v2\/users\/1"}],"replies":[{"embeddable":true,"href":"https:\/\/tomol.com.ar\/index.php\/wp-json\/wp\/v2\/comments?post=6"}],"version-history":[{"count":56,"href":"https:\/\/tomol.com.ar\/index.php\/wp-json\/wp\/v2\/pages\/6\/revisions"}],"predecessor-version":[{"id":494,"href":"https:\/\/tomol.com.ar\/index.php\/wp-json\/wp\/v2\/pages\/6\/revisions\/494"}],"wp:attachment":[{"href":"https:\/\/tomol.com.ar\/index.php\/wp-json\/wp\/v2\/media?parent=6"}],"curies":[{"name":"wp","href":"https:\/\/api.w.org\/{rel}","templated":true}]}}